{"id":190,"date":"2025-04-11T18:28:34","date_gmt":"2025-04-11T18:28:34","guid":{"rendered":"https:\/\/calmapsicologos.com\/?page_id=190"},"modified":"2026-03-14T15:36:36","modified_gmt":"2026-03-14T15:36:36","slug":"agendar-una-cita","status":"publish","type":"page","link":"https:\/\/calmapsicologos.com\/es\/agendar-una-cita\/","title":{"rendered":"Agenda una cita"},"content":{"rendered":"\n[et_pb_section][et_pb_row][et_pb_column type=\u00bb4_4&#8243;][et_pb_text]<!-- divi:site-title \/-->\n\n<!-- divi:html -->\n<!-- Principio del widget integrado de Calendly -->\n<div class=\"calendly-inline-widget\" data-url=\"https:\/\/calendly.com\/calmapsicologos-com\" style=\"min-width:320px;height:700px;\"><\/div>\n<script type=\"text\/javascript\" src=\"https:\/\/assets.calendly.com\/assets\/external\/widget.js\" async><\/script>\n<!-- Final del widget integrado de Calendly -->\n<!-- \/divi:html -->\n\n<!-- divi:paragraph -->\n<p><\/p>\n<!-- \/divi:paragraph -->\n\n<!-- divi:paragraph -->\n<p>En esta p\u00e1gina puedes agendar una cita, de forma aut\u00f3noma a trav\u00e9s de nuestro calendario interactivo, elige el d\u00eda y la hora que mejor te venga, con la disponibilidad los huecos de nuestra agenda en tiempo real.<\/p>\n<!-- \/divi:paragraph -->\n\n<!-- divi:paragraph -->\n<p>Puedes confiar plenamente en esta forma de PEDIR CITA autom\u00e1tica.<\/p>\n<!-- \/divi:paragraph -->\n\n<!-- divi:paragraph -->\n<p>As\u00fan as\u00ed:<\/p>\n<!-- \/divi:paragraph -->\n\n<!-- divi:post-title \/-->\n\n<!-- divi:paragraph -->\n<p>Si prefieres agendar una cita de forma tradicional puedes hacerlo a trav\u00e9s de la p\u00e1gina de <a href=\"https:\/\/calmapsicologos.com\/contacto\/\">CONTACTO<\/a> o escribiendo a trav\u00e9s de <a href=\"https:\/\/api.whatsapp.com\/send\/?phone=34624002127\">Whatsapp<\/a> o llamando a tel\u00e9fono <a href=\"tel:+34624002127\">624 00 21 27<\/a><\/p>\n<!-- \/divi:paragraph -->[\/et_pb_text][\/et_pb_column][\/et_pb_row][\/et_pb_section]\n","protected":false},"excerpt":{"rendered":"<p><div class=\"et_pb_section et_pb_section_0 et_section_regular\" >\n\t\t\t\t\n\t\t\t\t\n\t\t\t\t\n\t\t\t\t\n\t\t\t\t\n\t\t\t\t\n\t\t\t\t\n\t\t\t\t\n\t\t\t\t\n\t\t\t<\/div><div class=\"et_pb_row et_pb_row_0 et_pb_row_empty\">\n\t\t\t\t\n\t\t\t\t\n\t\t\t\t\n\t\t\t\t\n\t\t\t\t\n\t\t\t<\/div><div class=\"et_pb_module et_pb_text et_pb_text_0  et_pb_text_align_left et_pb_bg_layout_light\">\n\t\t\t\t\n\t\t\t\t\n\t\t\t\t\n\t\t\t\t\n\t\t\t\t\n\t\t\t<\/div> En esta p\u00e1gina puedes agendar una cita, de forma aut\u00f3noma a trav\u00e9s de nuestro calendario interactivo, elige el d\u00eda y la hora que mejor te venga, con la disponibilidad los huecos de nuestra agenda en tiempo real. Puedes confiar plenamente en esta forma de PEDIR CITA autom\u00e1tica. As\u00fan as\u00ed: Si prefieres agendar una cita [&hellip;]<\/p>\n","protected":false},"author":1,"featured_media":1167,"parent":0,"menu_order":0,"comment_status":"closed","ping_status":"closed","template":"","meta":{"_et_pb_use_builder":"on","_et_pb_old_content":"<!-- wp:site-title \/-->\n\n<!-- wp:html -->\n<!-- Principio del widget integrado de Calendly -->\n<div class=\"calendly-inline-widget\" data-url=\"https:\/\/calendly.com\/calmapsicologos-com\" style=\"min-width:320px;height:700px;\"><\/div>\n<script type=\"text\/javascript\" src=\"https:\/\/assets.calendly.com\/assets\/external\/widget.js\" async><\/script>\n<!-- Final del widget integrado de Calendly -->\n<!-- \/wp:html -->\n\n<!-- wp:paragraph -->\n<p><\/p>\n<!-- \/wp:paragraph -->\n\n<!-- wp:paragraph -->\n<p>En esta p\u00e1gina puedes agendar una cita, de forma aut\u00f3noma a trav\u00e9s de nuestro calendario interactivo, elige el d\u00eda y la hora que mejor te venga, con la disponibilidad los huecos de nuestra agenda en tiempo real.<\/p>\n<!-- \/wp:paragraph -->\n\n<!-- wp:paragraph -->\n<p>Puedes confiar plenamente en esta forma de PEDIR CITA autom\u00e1tica.<\/p>\n<!-- \/wp:paragraph -->\n\n<!-- wp:paragraph -->\n<p>As\u00fan as\u00ed:<\/p>\n<!-- \/wp:paragraph -->\n\n<!-- wp:post-title \/-->\n\n<!-- wp:paragraph -->\n<p>Si prefieres agendar una cita de forma tradicional puedes hacerlo a trav\u00e9s de la p\u00e1gina de <a href=\"https:\/\/calmapsicologos.com\/contacto\/\">CONTACTO<\/a> o escribiendo a trav\u00e9s de <a href=\"https:\/\/api.whatsapp.com\/send\/?phone=34624002127\">Whatsapp<\/a> o llamando a tel\u00e9fono <a href=\"tel:+34624002127\">624 00 21 27<\/a><\/p>\n<!-- \/wp:paragraph -->","_et_gb_content_width":"","footnotes":""},"class_list":["post-190","page","type-page","status-publish","has-post-thumbnail","hentry"],"yoast_head":"<!-- This site is optimized with the Yoast SEO plugin v27.3 - https:\/\/yoast.com\/product\/yoast-seo-wordpress\/ -->\n<title>Agenda una cita para consulta o terapia en CALMA Psic\u00f3logos<\/title>\n<meta name=\"description\" content=\"Agendar una cita es la secci\u00f3n que da acceso a nuestro calendario de citas, para escoger de forma aut\u00f3noma el d\u00eda y la hora de la terapia.\" \/>\n<meta name=\"robots\" content=\"index, follow, max-snippet:-1, max-image-preview:large, max-video-preview:-1\" \/>\n<link rel=\"canonical\" href=\"https:\/\/calmapsicologos.com\/es\/agendar-una-cita\/\" \/>\n<meta property=\"og:locale\" content=\"es_ES\" \/>\n<meta property=\"og:type\" content=\"article\" \/>\n<meta property=\"og:title\" content=\"Agenda una cita para consulta o terapia en CALMA Psic\u00f3logos\" \/>\n<meta property=\"og:description\" content=\"Agendar una cita es la secci\u00f3n que da acceso a nuestro calendario de citas, para escoger de forma aut\u00f3noma el d\u00eda y la hora de la terapia.\" \/>\n<meta property=\"og:url\" content=\"https:\/\/calmapsicologos.com\/es\/agendar-una-cita\/\" \/>\n<meta property=\"og:site_name\" content=\"Agenda una cita para consulta o terapia en CALMA Psic\u00f3logos\" \/>\n<meta property=\"article:publisher\" content=\"https:\/\/www.facebook.com\/calmapsicologos\" \/>\n<meta property=\"article:modified_time\" content=\"2026-03-14T15:36:36+00:00\" \/>\n<meta property=\"og:image\" content=\"https:\/\/calmapsicologos.com\/wp-content\/uploads\/2025\/07\/calendario-automatico.webp\" \/>\n\t<meta property=\"og:image:width\" content=\"196\" \/>\n\t<meta property=\"og:image:height\" content=\"198\" \/>\n\t<meta property=\"og:image:type\" content=\"image\/webp\" \/>\n<meta name=\"twitter:card\" content=\"summary_large_image\" \/>\n<meta name=\"twitter:site\" content=\"@CalmaPsicologos\" \/>\n<meta name=\"twitter:label1\" content=\"Tiempo de lectura\" \/>\n\t<meta name=\"twitter:data1\" content=\"1 minuto\" \/>\n<script type=\"application\/ld+json\" class=\"yoast-schema-graph\">{\"@context\":\"https:\\\/\\\/schema.org\",\"@graph\":[{\"@type\":\"WebPage\",\"@id\":\"https:\\\/\\\/calmapsicologos.com\\\/agendar-una-cita\\\/\",\"url\":\"https:\\\/\\\/calmapsicologos.com\\\/agendar-una-cita\\\/\",\"name\":\"Agenda una cita para consulta o terapia en CALMA Psic\u00f3logos\",\"isPartOf\":{\"@id\":\"https:\\\/\\\/calmapsicologos.com\\\/#website\"},\"primaryImageOfPage\":{\"@id\":\"https:\\\/\\\/calmapsicologos.com\\\/agendar-una-cita\\\/#primaryimage\"},\"image\":{\"@id\":\"https:\\\/\\\/calmapsicologos.com\\\/agendar-una-cita\\\/#primaryimage\"},\"thumbnailUrl\":\"https:\\\/\\\/calmapsicologos.com\\\/wp-content\\\/uploads\\\/2025\\\/07\\\/calendario-automatico.webp\",\"datePublished\":\"2025-04-11T18:28:34+00:00\",\"dateModified\":\"2026-03-14T15:36:36+00:00\",\"description\":\"Agendar una cita es la secci\u00f3n que da acceso a nuestro calendario de citas, para escoger de forma aut\u00f3noma el d\u00eda y la hora de la terapia.\",\"breadcrumb\":{\"@id\":\"https:\\\/\\\/calmapsicologos.com\\\/agendar-una-cita\\\/#breadcrumb\"},\"inLanguage\":\"es\",\"potentialAction\":[{\"@type\":\"ReadAction\",\"target\":[\"https:\\\/\\\/calmapsicologos.com\\\/agendar-una-cita\\\/\"]}]},{\"@type\":\"ImageObject\",\"inLanguage\":\"es\",\"@id\":\"https:\\\/\\\/calmapsicologos.com\\\/agendar-una-cita\\\/#primaryimage\",\"url\":\"https:\\\/\\\/calmapsicologos.com\\\/wp-content\\\/uploads\\\/2025\\\/07\\\/calendario-automatico.webp\",\"contentUrl\":\"https:\\\/\\\/calmapsicologos.com\\\/wp-content\\\/uploads\\\/2025\\\/07\\\/calendario-automatico.webp\",\"width\":196,\"height\":198,\"caption\":\"Agenda una cita para consulta o terapia en CALMA Psic\u00f3logos\"},{\"@type\":\"BreadcrumbList\",\"@id\":\"https:\\\/\\\/calmapsicologos.com\\\/agendar-una-cita\\\/#breadcrumb\",\"itemListElement\":[{\"@type\":\"ListItem\",\"position\":1,\"name\":\"Home\",\"item\":\"https:\\\/\\\/calmapsicologos.com\\\/es\\\/\"},{\"@type\":\"ListItem\",\"position\":2,\"name\":\"Agenda una cita\"}]},{\"@type\":\"WebSite\",\"@id\":\"https:\\\/\\\/calmapsicologos.com\\\/#website\",\"url\":\"https:\\\/\\\/calmapsicologos.com\\\/\",\"name\":\"calmapsicologos.com\",\"description\":\"Centro sanitario de psicolog\u00eda en Fuengirola\",\"publisher\":{\"@id\":\"https:\\\/\\\/calmapsicologos.com\\\/#organization\"},\"potentialAction\":[{\"@type\":\"SearchAction\",\"target\":{\"@type\":\"EntryPoint\",\"urlTemplate\":\"https:\\\/\\\/calmapsicologos.com\\\/?s={search_term_string}\"},\"query-input\":{\"@type\":\"PropertyValueSpecification\",\"valueRequired\":true,\"valueName\":\"search_term_string\"}}],\"inLanguage\":\"es\"},{\"@type\":\"Organization\",\"@id\":\"https:\\\/\\\/calmapsicologos.com\\\/#organization\",\"name\":\"Calma Psic\u00f3logos\",\"url\":\"https:\\\/\\\/calmapsicologos.com\\\/\",\"logo\":{\"@type\":\"ImageObject\",\"inLanguage\":\"es\",\"@id\":\"https:\\\/\\\/calmapsicologos.com\\\/#\\\/schema\\\/logo\\\/image\\\/\",\"url\":\"https:\\\/\\\/calmapsicologos.com\\\/wp-content\\\/uploads\\\/2025\\\/05\\\/psicoologia-SAMARA-LOGOO-copia.jpg\",\"contentUrl\":\"https:\\\/\\\/calmapsicologos.com\\\/wp-content\\\/uploads\\\/2025\\\/05\\\/psicoologia-SAMARA-LOGOO-copia.jpg\",\"width\":2000,\"height\":2000,\"caption\":\"Calma Psic\u00f3logos\"},\"image\":{\"@id\":\"https:\\\/\\\/calmapsicologos.com\\\/#\\\/schema\\\/logo\\\/image\\\/\"},\"sameAs\":[\"https:\\\/\\\/www.facebook.com\\\/calmapsicologos\",\"https:\\\/\\\/x.com\\\/CalmaPsicologos\",\"https:\\\/\\\/www.tiktok.com\\\/@calmapsicologos\",\"https:\\\/\\\/www.instagram.com\\\/calmapsicologos\\\/\"]}]}<\/script>\n<!-- \/ Yoast SEO plugin. -->","yoast_head_json":{"title":"Agenda una cita para consulta o terapia en CALMA Psic\u00f3logos","description":"Agendar una cita es la secci\u00f3n que da acceso a nuestro calendario de citas, para escoger de forma aut\u00f3noma el d\u00eda y la hora de la terapia.","robots":{"index":"index","follow":"follow","max-snippet":"max-snippet:-1","max-image-preview":"max-image-preview:large","max-video-preview":"max-video-preview:-1"},"canonical":"https:\/\/calmapsicologos.com\/es\/agendar-una-cita\/","og_locale":"es_ES","og_type":"article","og_title":"Agenda una cita para consulta o terapia en CALMA Psic\u00f3logos","og_description":"Agendar una cita es la secci\u00f3n que da acceso a nuestro calendario de citas, para escoger de forma aut\u00f3noma el d\u00eda y la hora de la terapia.","og_url":"https:\/\/calmapsicologos.com\/es\/agendar-una-cita\/","og_site_name":"Agenda una cita para consulta o terapia en CALMA Psic\u00f3logos","article_publisher":"https:\/\/www.facebook.com\/calmapsicologos","article_modified_time":"2026-03-14T15:36:36+00:00","og_image":[{"width":196,"height":198,"url":"https:\/\/calmapsicologos.com\/wp-content\/uploads\/2025\/07\/calendario-automatico.webp","type":"image\/webp"}],"twitter_card":"summary_large_image","twitter_site":"@CalmaPsicologos","twitter_misc":{"Tiempo de lectura":"1 minuto"},"schema":{"@context":"https:\/\/schema.org","@graph":[{"@type":"WebPage","@id":"https:\/\/calmapsicologos.com\/agendar-una-cita\/","url":"https:\/\/calmapsicologos.com\/agendar-una-cita\/","name":"Agenda una cita para consulta o terapia en CALMA Psic\u00f3logos","isPartOf":{"@id":"https:\/\/calmapsicologos.com\/#website"},"primaryImageOfPage":{"@id":"https:\/\/calmapsicologos.com\/agendar-una-cita\/#primaryimage"},"image":{"@id":"https:\/\/calmapsicologos.com\/agendar-una-cita\/#primaryimage"},"thumbnailUrl":"https:\/\/calmapsicologos.com\/wp-content\/uploads\/2025\/07\/calendario-automatico.webp","datePublished":"2025-04-11T18:28:34+00:00","dateModified":"2026-03-14T15:36:36+00:00","description":"Agendar una cita es la secci\u00f3n que da acceso a nuestro calendario de citas, para escoger de forma aut\u00f3noma el d\u00eda y la hora de la terapia.","breadcrumb":{"@id":"https:\/\/calmapsicologos.com\/agendar-una-cita\/#breadcrumb"},"inLanguage":"es","potentialAction":[{"@type":"ReadAction","target":["https:\/\/calmapsicologos.com\/agendar-una-cita\/"]}]},{"@type":"ImageObject","inLanguage":"es","@id":"https:\/\/calmapsicologos.com\/agendar-una-cita\/#primaryimage","url":"https:\/\/calmapsicologos.com\/wp-content\/uploads\/2025\/07\/calendario-automatico.webp","contentUrl":"https:\/\/calmapsicologos.com\/wp-content\/uploads\/2025\/07\/calendario-automatico.webp","width":196,"height":198,"caption":"Agenda una cita para consulta o terapia en CALMA Psic\u00f3logos"},{"@type":"BreadcrumbList","@id":"https:\/\/calmapsicologos.com\/agendar-una-cita\/#breadcrumb","itemListElement":[{"@type":"ListItem","position":1,"name":"Home","item":"https:\/\/calmapsicologos.com\/es\/"},{"@type":"ListItem","position":2,"name":"Agenda una cita"}]},{"@type":"WebSite","@id":"https:\/\/calmapsicologos.com\/#website","url":"https:\/\/calmapsicologos.com\/","name":"calmapsicologos.com","description":"Centro sanitario de psicolog\u00eda en Fuengirola","publisher":{"@id":"https:\/\/calmapsicologos.com\/#organization"},"potentialAction":[{"@type":"SearchAction","target":{"@type":"EntryPoint","urlTemplate":"https:\/\/calmapsicologos.com\/?s={search_term_string}"},"query-input":{"@type":"PropertyValueSpecification","valueRequired":true,"valueName":"search_term_string"}}],"inLanguage":"es"},{"@type":"Organization","@id":"https:\/\/calmapsicologos.com\/#organization","name":"Calma Psic\u00f3logos","url":"https:\/\/calmapsicologos.com\/","logo":{"@type":"ImageObject","inLanguage":"es","@id":"https:\/\/calmapsicologos.com\/#\/schema\/logo\/image\/","url":"https:\/\/calmapsicologos.com\/wp-content\/uploads\/2025\/05\/psicoologia-SAMARA-LOGOO-copia.jpg","contentUrl":"https:\/\/calmapsicologos.com\/wp-content\/uploads\/2025\/05\/psicoologia-SAMARA-LOGOO-copia.jpg","width":2000,"height":2000,"caption":"Calma Psic\u00f3logos"},"image":{"@id":"https:\/\/calmapsicologos.com\/#\/schema\/logo\/image\/"},"sameAs":["https:\/\/www.facebook.com\/calmapsicologos","https:\/\/x.com\/CalmaPsicologos","https:\/\/www.tiktok.com\/@calmapsicologos","https:\/\/www.instagram.com\/calmapsicologos\/"]}]}},"_links":{"self":[{"href":"https:\/\/calmapsicologos.com\/es\/wp-json\/wp\/v2\/pages\/190","targetHints":{"allow":["GET"]}}],"collection":[{"href":"https:\/\/calmapsicologos.com\/es\/wp-json\/wp\/v2\/pages"}],"about":[{"href":"https:\/\/calmapsicologos.com\/es\/wp-json\/wp\/v2\/types\/page"}],"author":[{"embeddable":true,"href":"https:\/\/calmapsicologos.com\/es\/wp-json\/wp\/v2\/users\/1"}],"replies":[{"embeddable":true,"href":"https:\/\/calmapsicologos.com\/es\/wp-json\/wp\/v2\/comments?post=190"}],"version-history":[{"count":18,"href":"https:\/\/calmapsicologos.com\/es\/wp-json\/wp\/v2\/pages\/190\/revisions"}],"predecessor-version":[{"id":1811,"href":"https:\/\/calmapsicologos.com\/es\/wp-json\/wp\/v2\/pages\/190\/revisions\/1811"}],"wp:featuredmedia":[{"embeddable":true,"href":"https:\/\/calmapsicologos.com\/es\/wp-json\/wp\/v2\/media\/1167"}],"wp:attachment":[{"href":"https:\/\/calmapsicologos.com\/es\/wp-json\/wp\/v2\/media?parent=190"}],"curies":[{"name":"wp","href":"https:\/\/api.w.org\/{rel}","templated":true}]}}