{"id":1347,"date":"2025-09-03T16:36:21","date_gmt":"2025-09-03T16:36:21","guid":{"rendered":"https:\/\/calmapsicologos.com\/?page_id=1347"},"modified":"2026-03-16T13:24:52","modified_gmt":"2026-03-16T13:24:52","slug":"cita-con-rocio","status":"publish","type":"page","link":"https:\/\/calmapsicologos.com\/es\/cita-con-rocio\/","title":{"rendered":"Cita con ROC\u00cdO"},"content":{"rendered":"<h1 class=\"wp-block-site-title\"><a href=\"https:\/\/calmapsicologos.com\/es\" target=\"_self\" rel=\"home\">Agenda una cita para consulta o terapia en CALMA Psic\u00f3logos<\/a><\/h1>\n\n\n<!-- Principio del widget integrado de Calendly -->\n<div class=\"calendly-inline-widget\" data-url=\"https:\/\/calendly.com\/rocioruedapsicologa\" style=\"min-width:320px;height:700px;\"><\/div>\n<script type=\"text\/javascript\" src=\"https:\/\/assets.calendly.com\/assets\/external\/widget.js\" async><\/script>\n<!-- Final del widget integrado\u00a0de\u00a0Calendly\u00a0-->\n\n\n\n<p><\/p>\n\n\n\n<p>En esta p\u00e1gina puedes agendar una cita, de forma aut\u00f3noma a trav\u00e9s de nuestro calendario interactivo, elige el d\u00eda y la hora que mejor te venga, con la disponibilidad los huecos de nuestra agenda en tiempo real.<\/p>\n\n\n\n<p>Puedes confiar plenamente en esta forma de PEDIR CITA autom\u00e1tica.<\/p>\n\n\n\n<p><\/p>\n","protected":false},"excerpt":{"rendered":"<p>En esta p\u00e1gina puedes agendar una cita, de forma aut\u00f3noma a trav\u00e9s de nuestro calendario interactivo, elige el d\u00eda y la hora que mejor te venga, con la disponibilidad los huecos de nuestra agenda en tiempo real. Puedes confiar plenamente en esta forma de PEDIR CITA autom\u00e1tica.<\/p>\n","protected":false},"author":1,"featured_media":1226,"parent":0,"menu_order":0,"comment_status":"closed","ping_status":"closed","template":"","meta":{"_et_pb_use_builder":"off","_et_pb_old_content":"<!-- wp:site-title \/-->\n\n<!-- wp:html -->\n<!-- Principio del widget integrado de Calendly -->\n<div class=\"calendly-inline-widget\" data-url=\"https:\/\/calendly.com\/rocioruedapsicologa\" style=\"min-width:320px;height:700px;\"><\/div>\n<script type=\"text\/javascript\" src=\"https:\/\/assets.calendly.com\/assets\/external\/widget.js\" async><\/script>\n<!-- Final del widget integrado\u00a0de\u00a0Calendly\u00a0-->\n<!-- \/wp:html -->\n\n<!-- wp:paragraph -->\n<p><\/p>\n<!-- \/wp:paragraph -->\n\n<!-- wp:paragraph -->\n<p>En esta p\u00e1gina puedes agendar una cita, de forma aut\u00f3noma a trav\u00e9s de nuestro calendario interactivo, elige el d\u00eda y la hora que mejor te venga, con la disponibilidad los huecos de nuestra agenda en tiempo real.<\/p>\n<!-- \/wp:paragraph -->\n\n<!-- wp:paragraph -->\n<p>Puedes confiar plenamente en esta forma de PEDIR CITA autom\u00e1tica.<\/p>\n<!-- \/wp:paragraph -->\n\n<!-- wp:paragraph -->\n<p>As\u00fan as\u00ed:<\/p>\n<!-- \/wp:paragraph -->\n\n<!-- wp:post-title \/-->\n\n<!-- wp:paragraph -->\n<p>Si prefieres agendar una cita de forma tradicional puedes hacerlo a trav\u00e9s de la p\u00e1gina de <a href=\"https:\/\/calmapsicologos.com\/contacto\/\">CONTACTO<\/a> o escribiendo a trav\u00e9s de<a href=\"https:\/\/api.whatsapp.com\/send\/?phone=623613227\"> WHATSAPP<\/a> o llamando a tel\u00e9fono <a href=\"tel:623 61 32 27\">+34 623 61 32 27<\/a><\/p>\n<!-- \/wp:paragraph -->","_et_gb_content_width":"","footnotes":""},"class_list":["post-1347","page","type-page","status-publish","has-post-thumbnail","hentry"],"yoast_head":"<!-- This site is optimized with the Yoast SEO plugin v27.4 - https:\/\/yoast.com\/product\/yoast-seo-wordpress\/ -->\n<title>Agenda una cita para consulta o terapia en CALMA Psic\u00f3logos<\/title>\n<meta name=\"description\" content=\"Agendar una cita es la secci\u00f3n que da acceso a nuestro calendario de citas, para escoger de forma aut\u00f3noma el d\u00eda y la hora de la terapia.\" \/>\n<meta name=\"robots\" content=\"noindex, nofollow\" \/>\n<meta property=\"og:locale\" content=\"es_ES\" \/>\n<meta property=\"og:type\" content=\"article\" \/>\n<meta property=\"og:title\" content=\"Agenda una cita para consulta o terapia en CALMA Psic\u00f3logos\" \/>\n<meta property=\"og:description\" content=\"Agendar una cita es la secci\u00f3n que da acceso a nuestro calendario de citas, para escoger de forma aut\u00f3noma el d\u00eda y la hora de la terapia.\" \/>\n<meta property=\"og:url\" content=\"https:\/\/calmapsicologos.com\/es\/cita-con-rocio\/\" \/>\n<meta property=\"og:site_name\" content=\"Agenda una cita para consulta o terapia en CALMA Psic\u00f3logos\" \/>\n<meta property=\"article:publisher\" content=\"https:\/\/www.facebook.com\/calmapsicologos\" \/>\n<meta property=\"article:modified_time\" content=\"2026-03-16T13:24:52+00:00\" \/>\n<meta property=\"og:image\" content=\"https:\/\/calmapsicologos.com\/wp-content\/uploads\/2025\/09\/FOTO-1.jpg\" \/>\n\t<meta property=\"og:image:width\" content=\"1728\" \/>\n\t<meta property=\"og:image:height\" content=\"2048\" \/>\n\t<meta property=\"og:image:type\" content=\"image\/jpeg\" \/>\n<meta name=\"twitter:card\" content=\"summary_large_image\" \/>\n<meta name=\"twitter:site\" content=\"@CalmaPsicologos\" \/>\n<meta name=\"twitter:label1\" content=\"Tiempo de lectura\" \/>\n\t<meta name=\"twitter:data1\" content=\"1 minuto\" \/>\n<script type=\"application\/ld+json\" class=\"yoast-schema-graph\">{\"@context\":\"https:\\\/\\\/schema.org\",\"@graph\":[{\"@type\":\"WebPage\",\"@id\":\"https:\\\/\\\/calmapsicologos.com\\\/cita-con-rocio\\\/\",\"url\":\"https:\\\/\\\/calmapsicologos.com\\\/cita-con-rocio\\\/\",\"name\":\"Agenda una cita para consulta o terapia en CALMA Psic\u00f3logos\",\"isPartOf\":{\"@id\":\"https:\\\/\\\/calmapsicologos.com\\\/#website\"},\"primaryImageOfPage\":{\"@id\":\"https:\\\/\\\/calmapsicologos.com\\\/cita-con-rocio\\\/#primaryimage\"},\"image\":{\"@id\":\"https:\\\/\\\/calmapsicologos.com\\\/cita-con-rocio\\\/#primaryimage\"},\"thumbnailUrl\":\"https:\\\/\\\/calmapsicologos.com\\\/wp-content\\\/uploads\\\/2025\\\/09\\\/FOTO-1.jpg\",\"datePublished\":\"2025-09-03T16:36:21+00:00\",\"dateModified\":\"2026-03-16T13:24:52+00:00\",\"description\":\"Agendar una cita es la secci\u00f3n que da acceso a nuestro calendario de citas, para escoger de forma aut\u00f3noma el d\u00eda y la hora de la terapia.\",\"breadcrumb\":{\"@id\":\"https:\\\/\\\/calmapsicologos.com\\\/cita-con-rocio\\\/#breadcrumb\"},\"inLanguage\":\"es\",\"potentialAction\":[{\"@type\":\"ReadAction\",\"target\":[\"https:\\\/\\\/calmapsicologos.com\\\/cita-con-rocio\\\/\"]}]},{\"@type\":\"ImageObject\",\"inLanguage\":\"es\",\"@id\":\"https:\\\/\\\/calmapsicologos.com\\\/cita-con-rocio\\\/#primaryimage\",\"url\":\"https:\\\/\\\/calmapsicologos.com\\\/wp-content\\\/uploads\\\/2025\\\/09\\\/FOTO-1.jpg\",\"contentUrl\":\"https:\\\/\\\/calmapsicologos.com\\\/wp-content\\\/uploads\\\/2025\\\/09\\\/FOTO-1.jpg\",\"width\":1728,\"height\":2048,\"caption\":\"Roc\u00edo Rueda Psic\u00f3loga Sanitaria en Calma Psic\u00f3logos\"},{\"@type\":\"BreadcrumbList\",\"@id\":\"https:\\\/\\\/calmapsicologos.com\\\/cita-con-rocio\\\/#breadcrumb\",\"itemListElement\":[{\"@type\":\"ListItem\",\"position\":1,\"name\":\"Home\",\"item\":\"https:\\\/\\\/calmapsicologos.com\\\/es\\\/\"},{\"@type\":\"ListItem\",\"position\":2,\"name\":\"Cita con ROC\u00cdO\"}]},{\"@type\":\"WebSite\",\"@id\":\"https:\\\/\\\/calmapsicologos.com\\\/#website\",\"url\":\"https:\\\/\\\/calmapsicologos.com\\\/\",\"name\":\"calmapsicologos.com\",\"description\":\"Centro sanitario de psicolog\u00eda en Fuengirola\",\"publisher\":{\"@id\":\"https:\\\/\\\/calmapsicologos.com\\\/#organization\"},\"potentialAction\":[{\"@type\":\"SearchAction\",\"target\":{\"@type\":\"EntryPoint\",\"urlTemplate\":\"https:\\\/\\\/calmapsicologos.com\\\/?s={search_term_string}\"},\"query-input\":{\"@type\":\"PropertyValueSpecification\",\"valueRequired\":true,\"valueName\":\"search_term_string\"}}],\"inLanguage\":\"es\"},{\"@type\":\"Organization\",\"@id\":\"https:\\\/\\\/calmapsicologos.com\\\/#organization\",\"name\":\"Calma Psic\u00f3logos\",\"url\":\"https:\\\/\\\/calmapsicologos.com\\\/\",\"logo\":{\"@type\":\"ImageObject\",\"inLanguage\":\"es\",\"@id\":\"https:\\\/\\\/calmapsicologos.com\\\/#\\\/schema\\\/logo\\\/image\\\/\",\"url\":\"https:\\\/\\\/calmapsicologos.com\\\/wp-content\\\/uploads\\\/2025\\\/05\\\/psicoologia-SAMARA-LOGOO-copia.jpg\",\"contentUrl\":\"https:\\\/\\\/calmapsicologos.com\\\/wp-content\\\/uploads\\\/2025\\\/05\\\/psicoologia-SAMARA-LOGOO-copia.jpg\",\"width\":2000,\"height\":2000,\"caption\":\"Calma Psic\u00f3logos\"},\"image\":{\"@id\":\"https:\\\/\\\/calmapsicologos.com\\\/#\\\/schema\\\/logo\\\/image\\\/\"},\"sameAs\":[\"https:\\\/\\\/www.facebook.com\\\/calmapsicologos\",\"https:\\\/\\\/x.com\\\/CalmaPsicologos\",\"https:\\\/\\\/www.tiktok.com\\\/@calmapsicologos\",\"https:\\\/\\\/www.instagram.com\\\/calmapsicologos\\\/\"]}]}<\/script>\n<!-- \/ Yoast SEO plugin. -->","yoast_head_json":{"title":"Agenda una cita para consulta o terapia en CALMA Psic\u00f3logos","description":"Agendar una cita es la secci\u00f3n que da acceso a nuestro calendario de citas, para escoger de forma aut\u00f3noma el d\u00eda y la hora de la terapia.","robots":{"index":"noindex","follow":"nofollow"},"og_locale":"es_ES","og_type":"article","og_title":"Agenda una cita para consulta o terapia en CALMA Psic\u00f3logos","og_description":"Agendar una cita es la secci\u00f3n que da acceso a nuestro calendario de citas, para escoger de forma aut\u00f3noma el d\u00eda y la hora de la terapia.","og_url":"https:\/\/calmapsicologos.com\/es\/cita-con-rocio\/","og_site_name":"Agenda una cita para consulta o terapia en CALMA Psic\u00f3logos","article_publisher":"https:\/\/www.facebook.com\/calmapsicologos","article_modified_time":"2026-03-16T13:24:52+00:00","og_image":[{"width":1728,"height":2048,"url":"https:\/\/calmapsicologos.com\/wp-content\/uploads\/2025\/09\/FOTO-1.jpg","type":"image\/jpeg"}],"twitter_card":"summary_large_image","twitter_site":"@CalmaPsicologos","twitter_misc":{"Tiempo de lectura":"1 minuto"},"schema":{"@context":"https:\/\/schema.org","@graph":[{"@type":"WebPage","@id":"https:\/\/calmapsicologos.com\/cita-con-rocio\/","url":"https:\/\/calmapsicologos.com\/cita-con-rocio\/","name":"Agenda una cita para consulta o terapia en CALMA Psic\u00f3logos","isPartOf":{"@id":"https:\/\/calmapsicologos.com\/#website"},"primaryImageOfPage":{"@id":"https:\/\/calmapsicologos.com\/cita-con-rocio\/#primaryimage"},"image":{"@id":"https:\/\/calmapsicologos.com\/cita-con-rocio\/#primaryimage"},"thumbnailUrl":"https:\/\/calmapsicologos.com\/wp-content\/uploads\/2025\/09\/FOTO-1.jpg","datePublished":"2025-09-03T16:36:21+00:00","dateModified":"2026-03-16T13:24:52+00:00","description":"Agendar una cita es la secci\u00f3n que da acceso a nuestro calendario de citas, para escoger de forma aut\u00f3noma el d\u00eda y la hora de la terapia.","breadcrumb":{"@id":"https:\/\/calmapsicologos.com\/cita-con-rocio\/#breadcrumb"},"inLanguage":"es","potentialAction":[{"@type":"ReadAction","target":["https:\/\/calmapsicologos.com\/cita-con-rocio\/"]}]},{"@type":"ImageObject","inLanguage":"es","@id":"https:\/\/calmapsicologos.com\/cita-con-rocio\/#primaryimage","url":"https:\/\/calmapsicologos.com\/wp-content\/uploads\/2025\/09\/FOTO-1.jpg","contentUrl":"https:\/\/calmapsicologos.com\/wp-content\/uploads\/2025\/09\/FOTO-1.jpg","width":1728,"height":2048,"caption":"Roc\u00edo Rueda Psic\u00f3loga Sanitaria en Calma Psic\u00f3logos"},{"@type":"BreadcrumbList","@id":"https:\/\/calmapsicologos.com\/cita-con-rocio\/#breadcrumb","itemListElement":[{"@type":"ListItem","position":1,"name":"Home","item":"https:\/\/calmapsicologos.com\/es\/"},{"@type":"ListItem","position":2,"name":"Cita con ROC\u00cdO"}]},{"@type":"WebSite","@id":"https:\/\/calmapsicologos.com\/#website","url":"https:\/\/calmapsicologos.com\/","name":"calmapsicologos.com","description":"Centro sanitario de psicolog\u00eda en Fuengirola","publisher":{"@id":"https:\/\/calmapsicologos.com\/#organization"},"potentialAction":[{"@type":"SearchAction","target":{"@type":"EntryPoint","urlTemplate":"https:\/\/calmapsicologos.com\/?s={search_term_string}"},"query-input":{"@type":"PropertyValueSpecification","valueRequired":true,"valueName":"search_term_string"}}],"inLanguage":"es"},{"@type":"Organization","@id":"https:\/\/calmapsicologos.com\/#organization","name":"Calma Psic\u00f3logos","url":"https:\/\/calmapsicologos.com\/","logo":{"@type":"ImageObject","inLanguage":"es","@id":"https:\/\/calmapsicologos.com\/#\/schema\/logo\/image\/","url":"https:\/\/calmapsicologos.com\/wp-content\/uploads\/2025\/05\/psicoologia-SAMARA-LOGOO-copia.jpg","contentUrl":"https:\/\/calmapsicologos.com\/wp-content\/uploads\/2025\/05\/psicoologia-SAMARA-LOGOO-copia.jpg","width":2000,"height":2000,"caption":"Calma Psic\u00f3logos"},"image":{"@id":"https:\/\/calmapsicologos.com\/#\/schema\/logo\/image\/"},"sameAs":["https:\/\/www.facebook.com\/calmapsicologos","https:\/\/x.com\/CalmaPsicologos","https:\/\/www.tiktok.com\/@calmapsicologos","https:\/\/www.instagram.com\/calmapsicologos\/"]}]}},"_links":{"self":[{"href":"https:\/\/calmapsicologos.com\/es\/wp-json\/wp\/v2\/pages\/1347","targetHints":{"allow":["GET"]}}],"collection":[{"href":"https:\/\/calmapsicologos.com\/es\/wp-json\/wp\/v2\/pages"}],"about":[{"href":"https:\/\/calmapsicologos.com\/es\/wp-json\/wp\/v2\/types\/page"}],"author":[{"embeddable":true,"href":"https:\/\/calmapsicologos.com\/es\/wp-json\/wp\/v2\/users\/1"}],"replies":[{"embeddable":true,"href":"https:\/\/calmapsicologos.com\/es\/wp-json\/wp\/v2\/comments?post=1347"}],"version-history":[{"count":5,"href":"https:\/\/calmapsicologos.com\/es\/wp-json\/wp\/v2\/pages\/1347\/revisions"}],"predecessor-version":[{"id":1769,"href":"https:\/\/calmapsicologos.com\/es\/wp-json\/wp\/v2\/pages\/1347\/revisions\/1769"}],"wp:featuredmedia":[{"embeddable":true,"href":"https:\/\/calmapsicologos.com\/es\/wp-json\/wp\/v2\/media\/1226"}],"wp:attachment":[{"href":"https:\/\/calmapsicologos.com\/es\/wp-json\/wp\/v2\/media?parent=1347"}],"curies":[{"name":"wp","href":"https:\/\/api.w.org\/{rel}","templated":true}]}}