{"id":107,"date":"2025-05-22T13:10:32","date_gmt":"2025-05-22T13:10:32","guid":{"rendered":"https:\/\/calmapsicologos.com\/?page_id=107"},"modified":"2026-03-24T13:38:28","modified_gmt":"2026-03-24T13:38:28","slug":"articulos-psicologia","status":"publish","type":"page","link":"https:\/\/calmapsicologos.com\/es\/articulos-psicologia\/","title":{"rendered":"BLOG"},"content":{"rendered":"<p>[et_pb_section fb_built=\u00bb1&#8243; admin_label=\u00bbHeader &#038; Blog\u00bb _builder_version=\u00bb4.25.1&#8243; _module_preset=\u00bbdefault\u00bb background_color=\u00bbgcid-8544a4e2-27b8-420a-83de-1cee04f2fb29&#8243; collapsed=\u00bbon\u00bb global_colors_info=\u00bb{%22gcid-8544a4e2-27b8-420a-83de-1cee04f2fb29%22:%91%22background_color%22%93}\u00bb][et_pb_row _builder_version=\u00bb4.25.1&#8243; _module_preset=\u00bbdefault\u00bb locked=\u00bboff\u00bb global_colors_info=\u00bb{}\u00bb][et_pb_column type=\u00bb4_4&#8243; _builder_version=\u00bb4.25.1&#8243; _module_preset=\u00bbdefault\u00bb global_colors_info=\u00bb{}\u00bb][et_pb_heading title=\u00bbBlog de Psicolog\u00eda y Bienestar Emocional |Calma Psic\u00f3logos\u00bb _builder_version=\u00bb4.27.4&#8243; _module_preset=\u00bb0e78fbb7-06b0-4698-bc72-b9483a324de3&#8243; custom_padding=\u00bb20px||||false|false\u00bb border_width_top=\u00bb2px\u00bb locked=\u00bboff\u00bb global_colors_info=\u00bb{}\u00bb][\/et_pb_heading][et_pb_text quote_border_color=\u00bb#f2a094&#8243; _builder_version=\u00bb4.27.4&#8243; _module_preset=\u00bb_initial\u00bb text_font_size=\u00bb16px\u00bb text_line_height=\u00bb1.8em\u00bb link_text_color=\u00bb#f2a094&#8243; quote_font=\u00bbDM Serif Text||||||||\u00bb quote_text_color=\u00bb#164e4e\u00bb quote_font_size=\u00bb24px\u00bb quote_line_height=\u00bb1.4em\u00bb header_font=\u00bbDM Serif Text||||||||\u00bb header_font_size=\u00bb110px\u00bb header_letter_spacing=\u00bb-0.02em\u00bb header_2_font=\u00bbDM Serif Text||||||||\u00bb header_2_font_size=\u00bb56px\u00bb header_2_line_height=\u00bb1.2em\u00bb header_3_font=\u00bbDM Serif Text||||||||\u00bb header_3_font_size=\u00bb36px\u00bb header_3_line_height=\u00bb1.2em\u00bb header_4_font=\u00bbDM Serif Text||||||||\u00bb header_4_font_size=\u00bb24px\u00bb header_4_line_height=\u00bb1.3em\u00bb header_5_font=\u00bbMontserrat|700|||||||\u00bb header_5_font_size=\u00bb18px\u00bb header_5_line_height=\u00bb1.4em\u00bb header_6_font=\u00bbMontserrat|700|||||||\u00bb header_6_font_size=\u00bb16px\u00bb header_6_line_height=\u00bb1.4em\u00bb text_font_size_tablet=\u00bb15px\u00bb text_font_size_phone=\u00bb14px\u00bb text_font_size_last_edited=\u00bbon|desktop\u00bb quote_font_size_tablet=\u00bb18px\u00bb quote_font_size_phone=\u00bb16px\u00bb quote_font_size_last_edited=\u00bbon|phone\u00bb header_font_size_tablet=\u00bb40px\u00bb header_font_size_phone=\u00bb24px\u00bb header_font_size_last_edited=\u00bbon|desktop\u00bb header_2_font_size_tablet=\u00bb32px\u00bb header_2_font_size_phone=\u00bb20px\u00bb header_2_font_size_last_edited=\u00bbon|desktop\u00bb header_3_font_size_tablet=\u00bb24px\u00bb header_3_font_size_phone=\u00bb18px\u00bb header_3_font_size_last_edited=\u00bbon|phone\u00bb header_4_font_size_tablet=\u00bb20px\u00bb header_4_font_size_phone=\u00bb16px\u00bb header_4_font_size_last_edited=\u00bbon|phone\u00bb header_5_font_size_tablet=\u00bb16px\u00bb header_5_font_size_phone=\u00bb14px\u00bb header_5_font_size_last_edited=\u00bbon|phone\u00bb header_6_font_size_tablet=\u00bb15px\u00bb header_6_font_size_phone=\u00bb13px\u00bb header_6_font_size_last_edited=\u00bbon|desktop\u00bb locked=\u00bboff\u00bb global_colors_info=\u00bb{}\u00bb]<\/p>\n<p>Bienvenido\/a al <strong>Blog sobre psicolog\u00eda<\/strong> de Calma Psic\u00f3logos, un espacio donde encontrar\u00e1s informaci\u00f3n clara y cercana sobre salud mental, ansiedad, estr\u00e9s, autoestima y crecimiento personal. Cada art\u00edculo est\u00e1 pensado para ayudarte a comprender mejor tus emociones y sentirte acompa\u00f1ada\/o en tu proceso de bienestar emocional.<\/p>\n<p>Peque\u00f1os consejos para autodiagn\u00f3stico previo a solicitar asistencia, lecturas breves y entendibles, que te ayudar\u00e1n a sentirte mejor.<\/p>\n<p>[\/et_pb_text][et_pb_post_slider _builder_version=\u00bb4.27.5&#8243; _module_preset=\u00bbca83797f-8e67-41e1-949c-20b533fd1d0b\u00bb locked=\u00bboff\u00bb global_colors_info=\u00bb{%22gcid-bcc99e3b-722a-4dba-85e5-49c6d1592562%22:%91%22link_text_color%22,%22quote_border_color%22,%22link_text_color%22,%22quote_border_color%22%93,%22gcid-fa3e187d-20a7-4c5a-962d-49a38117a4cc%22:%91%22quote_text_color%22,%22quote_text_color%22%93}\u00bb quote_font_size_tablet=\u00bb18px\u00bb quote_font_size_phone=\u00bb16px\u00bb quote_font_size_last_edited=\u00bbon|phone\u00bb][\/et_pb_post_slider][et_pb_search exclude_pages=\u00bbon\u00bb exclude_posts=\u00bbon\u00bb button_color=\u00bb#769D8B\u00bb placeholder_color=\u00bb#FFFFFF\u00bb admin_label=\u00bbBuscador de blog\u00bb _builder_version=\u00bb4.27.5&#8243; _module_preset=\u00bbdefault\u00bb form_field_background_color=\u00bb#F2A094&#8243; form_field_text_color=\u00bb#FFFFFF\u00bb form_field_focus_background_color=\u00bb#F2A094&#8243; button_text_color=\u00bb#FFFFFF\u00bb global_colors_info=\u00bb{}\u00bb][\/et_pb_search][et_pb_blog posts_number=\u00bb12&#8243; include_categories=\u00bball\u00bb show_author=\u00bboff\u00bb show_date=\u00bboff\u00bb masonry_tile_background_color=\u00bbrgba(255,255,255,0.6)\u00bb _builder_version=\u00bb4.27.5&#8243; _module_preset=\u00bb488282f6-8b01-48e0-8108-c55dfa25bb5b\u00bb custom_css_read_more=\u00bbmargin-top: 10px !important;||display: block;\u00bb locked=\u00bboff\u00bb global_colors_info=\u00bb{%22gcid-bcc99e3b-722a-4dba-85e5-49c6d1592562%22:%91%22link_text_color%22,%22quote_border_color%22%93,%22gcid-fa3e187d-20a7-4c5a-962d-49a38117a4cc%22:%91%22quote_text_color%22,%22meta_text_color%22,%22header_text_color%22,%22read_more_text_color%22%93}\u00bb][\/et_pb_blog][\/et_pb_column][\/et_pb_row][\/et_pb_section]<\/p>\n","protected":false},"excerpt":{"rendered":"<p>Bienvenido\/a al Blog sobre psicolog\u00eda de Calma Psic\u00f3logos, un espacio donde encontrar\u00e1s informaci\u00f3n clara y cercana sobre salud mental, ansiedad, estr\u00e9s, autoestima y crecimiento personal. Cada art\u00edculo est\u00e1 pensado para ayudarte a comprender mejor tus emociones y sentirte acompa\u00f1ada\/o en tu proceso de bienestar emocional. Peque\u00f1os consejos para autodiagn\u00f3stico previo a solicitar asistencia, lecturas breves [&hellip;]<\/p>\n","protected":false},"author":1,"featured_media":64,"parent":0,"menu_order":0,"comment_status":"closed","ping_status":"closed","template":"","meta":{"_et_pb_use_builder":"on","_et_pb_old_content":"","_et_gb_content_width":"","footnotes":""},"class_list":["post-107","page","type-page","status-publish","has-post-thumbnail","hentry"],"yoast_head":"<!-- This site is optimized with the Yoast SEO plugin v27.3 - https:\/\/yoast.com\/product\/yoast-seo-wordpress\/ -->\n<title>BLOG - Agenda una cita para consulta o terapia en CALMA Psic\u00f3logos<\/title>\n<meta name=\"description\" content=\"En el blog publicamos informaci\u00f3n, art\u00edculos, y reflexiones sobre temas relacionados con la mente, las emociones y el comportamiento humano,\" \/>\n<meta name=\"robots\" content=\"index, follow, max-snippet:-1, max-image-preview:large, max-video-preview:-1\" \/>\n<link rel=\"canonical\" href=\"https:\/\/calmapsicologos.com\/es\/articulos-psicologia\/\" \/>\n<meta property=\"og:locale\" content=\"es_ES\" \/>\n<meta property=\"og:type\" content=\"article\" \/>\n<meta property=\"og:title\" content=\"BLOG - Agenda una cita para consulta o terapia en CALMA Psic\u00f3logos\" \/>\n<meta property=\"og:description\" content=\"En el blog publicamos informaci\u00f3n, art\u00edculos, y reflexiones sobre temas relacionados con la mente, las emociones y el comportamiento humano,\" \/>\n<meta property=\"og:url\" content=\"https:\/\/calmapsicologos.com\/es\/articulos-psicologia\/\" \/>\n<meta property=\"og:site_name\" content=\"Agenda una cita para consulta o terapia en CALMA Psic\u00f3logos\" \/>\n<meta property=\"article:publisher\" content=\"https:\/\/www.facebook.com\/calmapsicologos\" \/>\n<meta property=\"article:modified_time\" content=\"2026-03-24T13:38:28+00:00\" \/>\n<meta property=\"og:image\" content=\"https:\/\/calmapsicologos.com\/wp-content\/uploads\/2025\/04\/psychologist-illustration-01-1.png\" \/>\n\t<meta property=\"og:image:width\" content=\"1580\" \/>\n\t<meta property=\"og:image:height\" content=\"1420\" \/>\n\t<meta property=\"og:image:type\" content=\"image\/png\" \/>\n<meta name=\"twitter:card\" content=\"summary_large_image\" \/>\n<meta name=\"twitter:site\" content=\"@CalmaPsicologos\" \/>\n<meta name=\"twitter:label1\" content=\"Tiempo de lectura\" \/>\n\t<meta name=\"twitter:data1\" content=\"4 minutos\" \/>\n<script type=\"application\/ld+json\" class=\"yoast-schema-graph\">{\"@context\":\"https:\\\/\\\/schema.org\",\"@graph\":[{\"@type\":\"WebPage\",\"@id\":\"https:\\\/\\\/calmapsicologos.com\\\/es\\\/articulos-psicologia\\\/\",\"url\":\"https:\\\/\\\/calmapsicologos.com\\\/es\\\/articulos-psicologia\\\/\",\"name\":\"BLOG - Agenda una cita para consulta o terapia en CALMA Psic\u00f3logos\",\"isPartOf\":{\"@id\":\"https:\\\/\\\/calmapsicologos.com\\\/#website\"},\"primaryImageOfPage\":{\"@id\":\"https:\\\/\\\/calmapsicologos.com\\\/es\\\/articulos-psicologia\\\/#primaryimage\"},\"image\":{\"@id\":\"https:\\\/\\\/calmapsicologos.com\\\/es\\\/articulos-psicologia\\\/#primaryimage\"},\"thumbnailUrl\":\"https:\\\/\\\/calmapsicologos.com\\\/wp-content\\\/uploads\\\/2025\\\/04\\\/psychologist-illustration-01-1.png\",\"datePublished\":\"2025-05-22T13:10:32+00:00\",\"dateModified\":\"2026-03-24T13:38:28+00:00\",\"description\":\"En el blog publicamos informaci\u00f3n, art\u00edculos, y reflexiones sobre temas relacionados con la mente, las emociones y el comportamiento humano,\",\"breadcrumb\":{\"@id\":\"https:\\\/\\\/calmapsicologos.com\\\/es\\\/articulos-psicologia\\\/#breadcrumb\"},\"inLanguage\":\"es\",\"potentialAction\":[{\"@type\":\"ReadAction\",\"target\":[\"https:\\\/\\\/calmapsicologos.com\\\/es\\\/articulos-psicologia\\\/\"]}]},{\"@type\":\"ImageObject\",\"inLanguage\":\"es\",\"@id\":\"https:\\\/\\\/calmapsicologos.com\\\/es\\\/articulos-psicologia\\\/#primaryimage\",\"url\":\"https:\\\/\\\/calmapsicologos.com\\\/wp-content\\\/uploads\\\/2025\\\/04\\\/psychologist-illustration-01-1.png\",\"contentUrl\":\"https:\\\/\\\/calmapsicologos.com\\\/wp-content\\\/uploads\\\/2025\\\/04\\\/psychologist-illustration-01-1.png\",\"width\":1580,\"height\":1420},{\"@type\":\"BreadcrumbList\",\"@id\":\"https:\\\/\\\/calmapsicologos.com\\\/es\\\/articulos-psicologia\\\/#breadcrumb\",\"itemListElement\":[{\"@type\":\"ListItem\",\"position\":1,\"name\":\"Home\",\"item\":\"https:\\\/\\\/calmapsicologos.com\\\/es\\\/\"},{\"@type\":\"ListItem\",\"position\":2,\"name\":\"BLOG\"}]},{\"@type\":\"WebSite\",\"@id\":\"https:\\\/\\\/calmapsicologos.com\\\/#website\",\"url\":\"https:\\\/\\\/calmapsicologos.com\\\/\",\"name\":\"calmapsicologos.com\",\"description\":\"Centro sanitario de psicolog\u00eda en Fuengirola\",\"publisher\":{\"@id\":\"https:\\\/\\\/calmapsicologos.com\\\/#organization\"},\"potentialAction\":[{\"@type\":\"SearchAction\",\"target\":{\"@type\":\"EntryPoint\",\"urlTemplate\":\"https:\\\/\\\/calmapsicologos.com\\\/?s={search_term_string}\"},\"query-input\":{\"@type\":\"PropertyValueSpecification\",\"valueRequired\":true,\"valueName\":\"search_term_string\"}}],\"inLanguage\":\"es\"},{\"@type\":\"Organization\",\"@id\":\"https:\\\/\\\/calmapsicologos.com\\\/#organization\",\"name\":\"Calma Psic\u00f3logos\",\"url\":\"https:\\\/\\\/calmapsicologos.com\\\/\",\"logo\":{\"@type\":\"ImageObject\",\"inLanguage\":\"es\",\"@id\":\"https:\\\/\\\/calmapsicologos.com\\\/#\\\/schema\\\/logo\\\/image\\\/\",\"url\":\"https:\\\/\\\/calmapsicologos.com\\\/wp-content\\\/uploads\\\/2025\\\/05\\\/psicoologia-SAMARA-LOGOO-copia.jpg\",\"contentUrl\":\"https:\\\/\\\/calmapsicologos.com\\\/wp-content\\\/uploads\\\/2025\\\/05\\\/psicoologia-SAMARA-LOGOO-copia.jpg\",\"width\":2000,\"height\":2000,\"caption\":\"Calma Psic\u00f3logos\"},\"image\":{\"@id\":\"https:\\\/\\\/calmapsicologos.com\\\/#\\\/schema\\\/logo\\\/image\\\/\"},\"sameAs\":[\"https:\\\/\\\/www.facebook.com\\\/calmapsicologos\",\"https:\\\/\\\/x.com\\\/CalmaPsicologos\",\"https:\\\/\\\/www.tiktok.com\\\/@calmapsicologos\",\"https:\\\/\\\/www.instagram.com\\\/calmapsicologos\\\/\"]}]}<\/script>\n<!-- \/ Yoast SEO plugin. -->","yoast_head_json":{"title":"BLOG - Agenda una cita para consulta o terapia en CALMA Psic\u00f3logos","description":"En el blog publicamos informaci\u00f3n, art\u00edculos, y reflexiones sobre temas relacionados con la mente, las emociones y el comportamiento humano,","robots":{"index":"index","follow":"follow","max-snippet":"max-snippet:-1","max-image-preview":"max-image-preview:large","max-video-preview":"max-video-preview:-1"},"canonical":"https:\/\/calmapsicologos.com\/es\/articulos-psicologia\/","og_locale":"es_ES","og_type":"article","og_title":"BLOG - Agenda una cita para consulta o terapia en CALMA Psic\u00f3logos","og_description":"En el blog publicamos informaci\u00f3n, art\u00edculos, y reflexiones sobre temas relacionados con la mente, las emociones y el comportamiento humano,","og_url":"https:\/\/calmapsicologos.com\/es\/articulos-psicologia\/","og_site_name":"Agenda una cita para consulta o terapia en CALMA Psic\u00f3logos","article_publisher":"https:\/\/www.facebook.com\/calmapsicologos","article_modified_time":"2026-03-24T13:38:28+00:00","og_image":[{"width":1580,"height":1420,"url":"https:\/\/calmapsicologos.com\/wp-content\/uploads\/2025\/04\/psychologist-illustration-01-1.png","type":"image\/png"}],"twitter_card":"summary_large_image","twitter_site":"@CalmaPsicologos","twitter_misc":{"Tiempo de lectura":"4 minutos"},"schema":{"@context":"https:\/\/schema.org","@graph":[{"@type":"WebPage","@id":"https:\/\/calmapsicologos.com\/es\/articulos-psicologia\/","url":"https:\/\/calmapsicologos.com\/es\/articulos-psicologia\/","name":"BLOG - Agenda una cita para consulta o terapia en CALMA Psic\u00f3logos","isPartOf":{"@id":"https:\/\/calmapsicologos.com\/#website"},"primaryImageOfPage":{"@id":"https:\/\/calmapsicologos.com\/es\/articulos-psicologia\/#primaryimage"},"image":{"@id":"https:\/\/calmapsicologos.com\/es\/articulos-psicologia\/#primaryimage"},"thumbnailUrl":"https:\/\/calmapsicologos.com\/wp-content\/uploads\/2025\/04\/psychologist-illustration-01-1.png","datePublished":"2025-05-22T13:10:32+00:00","dateModified":"2026-03-24T13:38:28+00:00","description":"En el blog publicamos informaci\u00f3n, art\u00edculos, y reflexiones sobre temas relacionados con la mente, las emociones y el comportamiento humano,","breadcrumb":{"@id":"https:\/\/calmapsicologos.com\/es\/articulos-psicologia\/#breadcrumb"},"inLanguage":"es","potentialAction":[{"@type":"ReadAction","target":["https:\/\/calmapsicologos.com\/es\/articulos-psicologia\/"]}]},{"@type":"ImageObject","inLanguage":"es","@id":"https:\/\/calmapsicologos.com\/es\/articulos-psicologia\/#primaryimage","url":"https:\/\/calmapsicologos.com\/wp-content\/uploads\/2025\/04\/psychologist-illustration-01-1.png","contentUrl":"https:\/\/calmapsicologos.com\/wp-content\/uploads\/2025\/04\/psychologist-illustration-01-1.png","width":1580,"height":1420},{"@type":"BreadcrumbList","@id":"https:\/\/calmapsicologos.com\/es\/articulos-psicologia\/#breadcrumb","itemListElement":[{"@type":"ListItem","position":1,"name":"Home","item":"https:\/\/calmapsicologos.com\/es\/"},{"@type":"ListItem","position":2,"name":"BLOG"}]},{"@type":"WebSite","@id":"https:\/\/calmapsicologos.com\/#website","url":"https:\/\/calmapsicologos.com\/","name":"calmapsicologos.com","description":"Centro sanitario de psicolog\u00eda en Fuengirola","publisher":{"@id":"https:\/\/calmapsicologos.com\/#organization"},"potentialAction":[{"@type":"SearchAction","target":{"@type":"EntryPoint","urlTemplate":"https:\/\/calmapsicologos.com\/?s={search_term_string}"},"query-input":{"@type":"PropertyValueSpecification","valueRequired":true,"valueName":"search_term_string"}}],"inLanguage":"es"},{"@type":"Organization","@id":"https:\/\/calmapsicologos.com\/#organization","name":"Calma Psic\u00f3logos","url":"https:\/\/calmapsicologos.com\/","logo":{"@type":"ImageObject","inLanguage":"es","@id":"https:\/\/calmapsicologos.com\/#\/schema\/logo\/image\/","url":"https:\/\/calmapsicologos.com\/wp-content\/uploads\/2025\/05\/psicoologia-SAMARA-LOGOO-copia.jpg","contentUrl":"https:\/\/calmapsicologos.com\/wp-content\/uploads\/2025\/05\/psicoologia-SAMARA-LOGOO-copia.jpg","width":2000,"height":2000,"caption":"Calma Psic\u00f3logos"},"image":{"@id":"https:\/\/calmapsicologos.com\/#\/schema\/logo\/image\/"},"sameAs":["https:\/\/www.facebook.com\/calmapsicologos","https:\/\/x.com\/CalmaPsicologos","https:\/\/www.tiktok.com\/@calmapsicologos","https:\/\/www.instagram.com\/calmapsicologos\/"]}]}},"_links":{"self":[{"href":"https:\/\/calmapsicologos.com\/es\/wp-json\/wp\/v2\/pages\/107","targetHints":{"allow":["GET"]}}],"collection":[{"href":"https:\/\/calmapsicologos.com\/es\/wp-json\/wp\/v2\/pages"}],"about":[{"href":"https:\/\/calmapsicologos.com\/es\/wp-json\/wp\/v2\/types\/page"}],"author":[{"embeddable":true,"href":"https:\/\/calmapsicologos.com\/es\/wp-json\/wp\/v2\/users\/1"}],"replies":[{"embeddable":true,"href":"https:\/\/calmapsicologos.com\/es\/wp-json\/wp\/v2\/comments?post=107"}],"version-history":[{"count":14,"href":"https:\/\/calmapsicologos.com\/es\/wp-json\/wp\/v2\/pages\/107\/revisions"}],"predecessor-version":[{"id":1839,"href":"https:\/\/calmapsicologos.com\/es\/wp-json\/wp\/v2\/pages\/107\/revisions\/1839"}],"wp:featuredmedia":[{"embeddable":true,"href":"https:\/\/calmapsicologos.com\/es\/wp-json\/wp\/v2\/media\/64"}],"wp:attachment":[{"href":"https:\/\/calmapsicologos.com\/es\/wp-json\/wp\/v2\/media?parent=107"}],"curies":[{"name":"wp","href":"https:\/\/api.w.org\/{rel}","templated":true}]}}