{"id":1365,"date":"2025-09-05T15:14:22","date_gmt":"2025-09-05T15:14:22","guid":{"rendered":"https:\/\/calmapsicologos.com\/?page_id=1365"},"modified":"2026-03-23T14:43:40","modified_gmt":"2026-03-23T14:43:40","slug":"alexandra-benitez","status":"publish","type":"page","link":"https:\/\/calmapsicologos.com\/en\/alexandra-benitez\/","title":{"rendered":"Alexandra Benitez"},"content":{"rendered":"","protected":false},"excerpt":{"rendered":"","protected":false},"author":1,"featured_media":0,"parent":0,"menu_order":0,"comment_status":"closed","ping_status":"closed","template":"","meta":{"_et_pb_use_builder":"on","_et_pb_old_content":"","_et_gb_content_width":"","footnotes":""},"class_list":["post-1365","page","type-page","status-publish","hentry"],"yoast_head":"<!-- This site is optimized with the Yoast SEO plugin v27.4 - https:\/\/yoast.com\/product\/yoast-seo-wordpress\/ -->\n<title>Alexandra Ben\u00edtez psic\u00f3loga sanitaria en Fuengirola<\/title>\n<meta name=\"description\" content=\"Alexandra Ben\u00edtez Romero psic\u00f3loga sanitaria en Fuengirola con un enfoque integrador que combina distintas corrientes psicol\u00f3gicas.\" \/>\n<meta name=\"robots\" content=\"index, nofollow, max-snippet:-1, max-image-preview:large, max-video-preview:-1\" \/>\n<link rel=\"canonical\" href=\"https:\/\/calmapsicologos.com\/en\/alexandra-benitez\/\" \/>\n<meta property=\"og:locale\" content=\"en_GB\" \/>\n<meta property=\"og:type\" content=\"article\" \/>\n<meta property=\"og:title\" content=\"Alexandra Ben\u00edtez psic\u00f3loga sanitaria en Fuengirola\" \/>\n<meta property=\"og:description\" content=\"Alexandra Ben\u00edtez Romero psic\u00f3loga sanitaria en Fuengirola con un enfoque integrador que combina distintas corrientes psicol\u00f3gicas.\" \/>\n<meta property=\"og:url\" content=\"https:\/\/calmapsicologos.com\/en\/alexandra-benitez\/\" \/>\n<meta property=\"og:site_name\" content=\"Agenda una cita para consulta o terapia en CALMA Psic\u00f3logos\" \/>\n<meta property=\"article:publisher\" content=\"https:\/\/www.facebook.com\/calmapsicologos\" \/>\n<meta property=\"article:modified_time\" content=\"2026-03-23T14:43:40+00:00\" \/>\n<meta property=\"og:image\" content=\"https:\/\/calmapsicologos.com\/wp-content\/uploads\/2026\/03\/Calma-Psicologos.jpg\" \/>\n\t<meta property=\"og:image:width\" content=\"1200\" \/>\n\t<meta property=\"og:image:height\" content=\"675\" \/>\n\t<meta property=\"og:image:type\" content=\"image\/jpeg\" \/>\n<meta name=\"twitter:card\" content=\"summary_large_image\" \/>\n<meta name=\"twitter:site\" content=\"@CalmaPsicologos\" \/>\n<meta name=\"twitter:label1\" content=\"Estimated reading time\" \/>\n\t<meta name=\"twitter:data1\" content=\"2 minutes\" \/>\n<script type=\"application\/ld+json\" class=\"yoast-schema-graph\">{\"@context\":\"https:\\\/\\\/schema.org\",\"@graph\":[{\"@type\":\"WebPage\",\"@id\":\"https:\\\/\\\/calmapsicologos.com\\\/alexandra-benitez\\\/\",\"url\":\"https:\\\/\\\/calmapsicologos.com\\\/alexandra-benitez\\\/\",\"name\":\"Alexandra Ben\u00edtez psic\u00f3loga sanitaria en Fuengirola\",\"isPartOf\":{\"@id\":\"https:\\\/\\\/calmapsicologos.com\\\/#website\"},\"datePublished\":\"2025-09-05T15:14:22+00:00\",\"dateModified\":\"2026-03-23T14:43:40+00:00\",\"description\":\"Alexandra Ben\u00edtez Romero psic\u00f3loga sanitaria en Fuengirola con un enfoque integrador que combina distintas corrientes psicol\u00f3gicas.\",\"breadcrumb\":{\"@id\":\"https:\\\/\\\/calmapsicologos.com\\\/alexandra-benitez\\\/#breadcrumb\"},\"inLanguage\":\"en-GB\",\"potentialAction\":[{\"@type\":\"ReadAction\",\"target\":[\"https:\\\/\\\/calmapsicologos.com\\\/alexandra-benitez\\\/\"]}]},{\"@type\":\"BreadcrumbList\",\"@id\":\"https:\\\/\\\/calmapsicologos.com\\\/alexandra-benitez\\\/#breadcrumb\",\"itemListElement\":[{\"@type\":\"ListItem\",\"position\":1,\"name\":\"Home\",\"item\":\"https:\\\/\\\/calmapsicologos.com\\\/es\\\/\"},{\"@type\":\"ListItem\",\"position\":2,\"name\":\"Alexandra Benitez\"}]},{\"@type\":\"WebSite\",\"@id\":\"https:\\\/\\\/calmapsicologos.com\\\/#website\",\"url\":\"https:\\\/\\\/calmapsicologos.com\\\/\",\"name\":\"calmapsicologos.com\",\"description\":\"Centro sanitario de psicolog\u00eda en Fuengirola\",\"publisher\":{\"@id\":\"https:\\\/\\\/calmapsicologos.com\\\/#organization\"},\"potentialAction\":[{\"@type\":\"SearchAction\",\"target\":{\"@type\":\"EntryPoint\",\"urlTemplate\":\"https:\\\/\\\/calmapsicologos.com\\\/?s={search_term_string}\"},\"query-input\":{\"@type\":\"PropertyValueSpecification\",\"valueRequired\":true,\"valueName\":\"search_term_string\"}}],\"inLanguage\":\"en-GB\"},{\"@type\":\"Organization\",\"@id\":\"https:\\\/\\\/calmapsicologos.com\\\/#organization\",\"name\":\"Calma Psic\u00f3logos\",\"url\":\"https:\\\/\\\/calmapsicologos.com\\\/\",\"logo\":{\"@type\":\"ImageObject\",\"inLanguage\":\"en-GB\",\"@id\":\"https:\\\/\\\/calmapsicologos.com\\\/#\\\/schema\\\/logo\\\/image\\\/\",\"url\":\"https:\\\/\\\/calmapsicologos.com\\\/wp-content\\\/uploads\\\/2025\\\/05\\\/psicoologia-SAMARA-LOGOO-copia.jpg\",\"contentUrl\":\"https:\\\/\\\/calmapsicologos.com\\\/wp-content\\\/uploads\\\/2025\\\/05\\\/psicoologia-SAMARA-LOGOO-copia.jpg\",\"width\":2000,\"height\":2000,\"caption\":\"Calma Psic\u00f3logos\"},\"image\":{\"@id\":\"https:\\\/\\\/calmapsicologos.com\\\/#\\\/schema\\\/logo\\\/image\\\/\"},\"sameAs\":[\"https:\\\/\\\/www.facebook.com\\\/calmapsicologos\",\"https:\\\/\\\/x.com\\\/CalmaPsicologos\",\"https:\\\/\\\/www.tiktok.com\\\/@calmapsicologos\",\"https:\\\/\\\/www.instagram.com\\\/calmapsicologos\\\/\"]}]}<\/script>\n<!-- \/ Yoast SEO plugin. -->","yoast_head_json":{"title":"Alexandra Ben\u00edtez health psychologist in Fuengirola","description":"Alexandra Ben\u00edtez Romero is a health psychologist in Fuengirola with an integrative approach that combines different psychological currents.","robots":{"index":"index","follow":"nofollow","max-snippet":"max-snippet:-1","max-image-preview":"max-image-preview:large","max-video-preview":"max-video-preview:-1"},"canonical":"https:\/\/calmapsicologos.com\/en\/alexandra-benitez\/","og_locale":"en_GB","og_type":"article","og_title":"Alexandra Ben\u00edtez psic\u00f3loga sanitaria en Fuengirola","og_description":"Alexandra Ben\u00edtez Romero psic\u00f3loga sanitaria en Fuengirola con un enfoque integrador que combina distintas corrientes psicol\u00f3gicas.","og_url":"https:\/\/calmapsicologos.com\/en\/alexandra-benitez\/","og_site_name":"Agenda una cita para consulta o terapia en CALMA Psic\u00f3logos","article_publisher":"https:\/\/www.facebook.com\/calmapsicologos","article_modified_time":"2026-03-23T14:43:40+00:00","og_image":[{"width":1200,"height":675,"url":"https:\/\/calmapsicologos.com\/wp-content\/uploads\/2026\/03\/Calma-Psicologos.jpg","type":"image\/jpeg"}],"twitter_card":"summary_large_image","twitter_site":"@CalmaPsicologos","twitter_misc":{"Estimated reading time":"2 minutes"},"schema":{"@context":"https:\/\/schema.org","@graph":[{"@type":"WebPage","@id":"https:\/\/calmapsicologos.com\/alexandra-benitez\/","url":"https:\/\/calmapsicologos.com\/alexandra-benitez\/","name":"Alexandra Ben\u00edtez health psychologist in Fuengirola","isPartOf":{"@id":"https:\/\/calmapsicologos.com\/#website"},"datePublished":"2025-09-05T15:14:22+00:00","dateModified":"2026-03-23T14:43:40+00:00","description":"Alexandra Ben\u00edtez Romero is a health psychologist in Fuengirola with an integrative approach that combines different psychological currents.","breadcrumb":{"@id":"https:\/\/calmapsicologos.com\/alexandra-benitez\/#breadcrumb"},"inLanguage":"en-GB","potentialAction":[{"@type":"ReadAction","target":["https:\/\/calmapsicologos.com\/alexandra-benitez\/"]}]},{"@type":"BreadcrumbList","@id":"https:\/\/calmapsicologos.com\/alexandra-benitez\/#breadcrumb","itemListElement":[{"@type":"ListItem","position":1,"name":"Home","item":"https:\/\/calmapsicologos.com\/es\/"},{"@type":"ListItem","position":2,"name":"Alexandra Benitez"}]},{"@type":"WebSite","@id":"https:\/\/calmapsicologos.com\/#website","url":"https:\/\/calmapsicologos.com\/","name":"calmapsicologos.com","description":"Psychology health centre in Fuengirola","publisher":{"@id":"https:\/\/calmapsicologos.com\/#organization"},"potentialAction":[{"@type":"SearchAction","target":{"@type":"EntryPoint","urlTemplate":"https:\/\/calmapsicologos.com\/?s={search_term_string}"},"query-input":{"@type":"PropertyValueSpecification","valueRequired":true,"valueName":"search_term_string"}}],"inLanguage":"en-GB"},{"@type":"Organization","@id":"https:\/\/calmapsicologos.com\/#organization","name":"Calma Psychologists","url":"https:\/\/calmapsicologos.com\/","logo":{"@type":"ImageObject","inLanguage":"en-GB","@id":"https:\/\/calmapsicologos.com\/#\/schema\/logo\/image\/","url":"https:\/\/calmapsicologos.com\/wp-content\/uploads\/2025\/05\/psicoologia-SAMARA-LOGOO-copia.jpg","contentUrl":"https:\/\/calmapsicologos.com\/wp-content\/uploads\/2025\/05\/psicoologia-SAMARA-LOGOO-copia.jpg","width":2000,"height":2000,"caption":"Calma Psic\u00f3logos"},"image":{"@id":"https:\/\/calmapsicologos.com\/#\/schema\/logo\/image\/"},"sameAs":["https:\/\/www.facebook.com\/calmapsicologos","https:\/\/x.com\/CalmaPsicologos","https:\/\/www.tiktok.com\/@calmapsicologos","https:\/\/www.instagram.com\/calmapsicologos\/"]}]}},"_links":{"self":[{"href":"https:\/\/calmapsicologos.com\/en\/wp-json\/wp\/v2\/pages\/1365","targetHints":{"allow":["GET"]}}],"collection":[{"href":"https:\/\/calmapsicologos.com\/en\/wp-json\/wp\/v2\/pages"}],"about":[{"href":"https:\/\/calmapsicologos.com\/en\/wp-json\/wp\/v2\/types\/page"}],"author":[{"embeddable":true,"href":"https:\/\/calmapsicologos.com\/en\/wp-json\/wp\/v2\/users\/1"}],"replies":[{"embeddable":true,"href":"https:\/\/calmapsicologos.com\/en\/wp-json\/wp\/v2\/comments?post=1365"}],"version-history":[{"count":14,"href":"https:\/\/calmapsicologos.com\/en\/wp-json\/wp\/v2\/pages\/1365\/revisions"}],"predecessor-version":[{"id":1810,"href":"https:\/\/calmapsicologos.com\/en\/wp-json\/wp\/v2\/pages\/1365\/revisions\/1810"}],"wp:attachment":[{"href":"https:\/\/calmapsicologos.com\/en\/wp-json\/wp\/v2\/media?parent=1365"}],"curies":[{"name":"wp","href":"https:\/\/api.w.org\/{rel}","templated":true}]}}