{"id":1358,"date":"2025-09-05T15:02:54","date_gmt":"2025-09-05T15:02:54","guid":{"rendered":"https:\/\/calmapsicologos.com\/?page_id=1358"},"modified":"2026-03-14T15:19:49","modified_gmt":"2026-03-14T15:19:49","slug":"date-with-alexandra","status":"publish","type":"page","link":"https:\/\/calmapsicologos.com\/en\/cita-con-alexandra\/","title":{"rendered":"Appointment with ALEXANDRA"},"content":{"rendered":"\n[et_pb_section admin_label=\u00bbsection\u00bb]\n\t\t\t[et_pb_row admin_label=\u00bbrow\u00bb]\n\t\t\t\t[et_pb_column type=\u00bb4_4&#8243;][et_pb_text admin_label=\u00bbText\u00bb]<!-- divi:site-title \/-->\n\n<!-- divi:html \/-->\n\n<!-- divi:paragraph -->\n<p><\/p>\n<!-- \/divi:paragraph -->\n\n<!-- divi:paragraph -->\n<p>En esta p\u00e1gina puedes agendar una cita, de forma aut\u00f3noma a trav\u00e9s de nuestro calendario interactivo, elige el d\u00eda y la hora que mejor te venga, con la disponibilidad los huecos de nuestra agenda en tiempo real.<\/p>\n<!-- \/divi:paragraph -->\n\n<!-- divi:paragraph -->\n<p>Puedes confiar plenamente en esta forma de PEDIR CITA autom\u00e1tica.<\/p>\n<!-- \/divi:paragraph -->\n\n<!-- divi:paragraph -->\n<p>As\u00fan as\u00ed:<\/p>\n<!-- \/divi:paragraph -->\n\n<!-- divi:post-title \/-->\n\n<!-- divi:paragraph -->\n<p>Si prefieres agendar una cita de forma tradicional puedes hacerlo a trav\u00e9s de la p\u00e1gina de <a href=\"https:\/\/calmapsicologos.com\/contacto\/\">CONTACTO<\/a> o escribiendo a trav\u00e9s de<a href=\"https:\/\/api.whatsapp.com\/send\/?phone=624174450\"> WHATSAPP<\/a> o llamando a tel\u00e9fono <a href=\"tel:624174450\">624174450<\/a><\/p>\n<!-- \/divi:paragraph -->[\/et_pb_text][\/et_pb_column]\n\t\t\t[\/et_pb_row]\n\t\t[\/et_pb_section]\n","protected":false},"excerpt":{"rendered":"<p>En esta p\u00e1gina puedes agendar una cita, de forma aut\u00f3noma a trav\u00e9s de nuestro calendario interactivo, elige el d\u00eda y la hora que mejor te venga, con la disponibilidad los huecos de nuestra agenda en tiempo real. Puedes confiar plenamente en esta forma de PEDIR CITA autom\u00e1tica. As\u00fan as\u00ed: Si prefieres agendar una cita de [&hellip;]<\/p>\n","protected":false},"author":1,"featured_media":1501,"parent":0,"menu_order":0,"comment_status":"closed","ping_status":"closed","template":"","meta":{"_et_pb_use_builder":"on","_et_pb_old_content":"<!-- wp:site-title \/-->\n\n<!-- wp:html \/-->\n\n<!-- wp:paragraph -->\n<p><\/p>\n<!-- \/wp:paragraph -->\n\n<!-- wp:paragraph -->\n<p>En esta p\u00e1gina puedes agendar una cita, de forma aut\u00f3noma a trav\u00e9s de nuestro calendario interactivo, elige el d\u00eda y la hora que mejor te venga, con la disponibilidad los huecos de nuestra agenda en tiempo real.<\/p>\n<!-- \/wp:paragraph -->\n\n<!-- wp:paragraph -->\n<p>Puedes confiar plenamente en esta forma de PEDIR CITA autom\u00e1tica.<\/p>\n<!-- \/wp:paragraph -->\n\n<!-- wp:paragraph -->\n<p>As\u00fan as\u00ed:<\/p>\n<!-- \/wp:paragraph -->\n\n<!-- wp:post-title \/-->\n\n<!-- wp:paragraph -->\n<p>Si prefieres agendar una cita de forma tradicional puedes hacerlo a trav\u00e9s de la p\u00e1gina de <a href=\"https:\/\/calmapsicologos.com\/contacto\/\">CONTACTO<\/a> o escribiendo a trav\u00e9s de<a href=\"https:\/\/api.whatsapp.com\/send\/?phone=624174450\"> WHATSAPP<\/a> o llamando a tel\u00e9fono <a href=\"tel:624174450\">624174450<\/a><\/p>\n<!-- \/wp:paragraph -->","_et_gb_content_width":"","footnotes":""},"class_list":["post-1358","page","type-page","status-publish","has-post-thumbnail","hentry"],"yoast_head":"<!-- This site is optimized with the Yoast SEO plugin v27.4 - https:\/\/yoast.com\/product\/yoast-seo-wordpress\/ -->\n<title>Cita con ALEXANDRA - Agenda una cita para consulta o terapia en CALMA Psic\u00f3logos<\/title>\n<meta name=\"robots\" content=\"noindex, nofollow\" \/>\n<meta property=\"og:locale\" content=\"en_GB\" \/>\n<meta property=\"og:type\" content=\"article\" \/>\n<meta property=\"og:title\" content=\"Cita con ALEXANDRA - Agenda una cita para consulta o terapia en CALMA Psic\u00f3logos\" \/>\n<meta property=\"og:description\" content=\"En esta p\u00e1gina puedes agendar una cita, de forma aut\u00f3noma a trav\u00e9s de nuestro calendario interactivo, elige el d\u00eda y la hora que mejor te venga, con la disponibilidad los huecos de nuestra agenda en tiempo real. Puedes confiar plenamente en esta forma de PEDIR CITA autom\u00e1tica. As\u00fan as\u00ed: Si prefieres agendar una cita de [&hellip;]\" \/>\n<meta property=\"og:url\" content=\"https:\/\/calmapsicologos.com\/en\/date-with-alexandra\/\" \/>\n<meta property=\"og:site_name\" content=\"Agenda una cita para consulta o terapia en CALMA Psic\u00f3logos\" \/>\n<meta property=\"article:publisher\" content=\"https:\/\/www.facebook.com\/calmapsicologos\" \/>\n<meta property=\"article:modified_time\" content=\"2026-03-14T15:19:49+00:00\" \/>\n<meta property=\"og:image\" content=\"https:\/\/calmapsicologos.com\/wp-content\/uploads\/2025\/10\/Alexandra-benitez-2retoque.jpg\" \/>\n\t<meta property=\"og:image:width\" content=\"1728\" \/>\n\t<meta property=\"og:image:height\" content=\"2048\" \/>\n\t<meta property=\"og:image:type\" content=\"image\/jpeg\" \/>\n<meta name=\"twitter:card\" content=\"summary_large_image\" \/>\n<meta name=\"twitter:site\" content=\"@CalmaPsicologos\" \/>\n<meta name=\"twitter:label1\" content=\"Estimated reading time\" \/>\n\t<meta name=\"twitter:data1\" content=\"1 minute\" \/>\n<script type=\"application\/ld+json\" class=\"yoast-schema-graph\">{\"@context\":\"https:\\\/\\\/schema.org\",\"@graph\":[{\"@type\":\"WebPage\",\"@id\":\"https:\\\/\\\/calmapsicologos.com\\\/cita-con-alexandra\\\/\",\"url\":\"https:\\\/\\\/calmapsicologos.com\\\/cita-con-alexandra\\\/\",\"name\":\"Cita con ALEXANDRA - Agenda una cita para consulta o terapia en CALMA Psic\u00f3logos\",\"isPartOf\":{\"@id\":\"https:\\\/\\\/calmapsicologos.com\\\/#website\"},\"primaryImageOfPage\":{\"@id\":\"https:\\\/\\\/calmapsicologos.com\\\/cita-con-alexandra\\\/#primaryimage\"},\"image\":{\"@id\":\"https:\\\/\\\/calmapsicologos.com\\\/cita-con-alexandra\\\/#primaryimage\"},\"thumbnailUrl\":\"https:\\\/\\\/calmapsicologos.com\\\/wp-content\\\/uploads\\\/2025\\\/10\\\/Alexandra-benitez-2retoque.jpg\",\"datePublished\":\"2025-09-05T15:02:54+00:00\",\"dateModified\":\"2026-03-14T15:19:49+00:00\",\"breadcrumb\":{\"@id\":\"https:\\\/\\\/calmapsicologos.com\\\/cita-con-alexandra\\\/#breadcrumb\"},\"inLanguage\":\"en-GB\",\"potentialAction\":[{\"@type\":\"ReadAction\",\"target\":[\"https:\\\/\\\/calmapsicologos.com\\\/cita-con-alexandra\\\/\"]}]},{\"@type\":\"ImageObject\",\"inLanguage\":\"en-GB\",\"@id\":\"https:\\\/\\\/calmapsicologos.com\\\/cita-con-alexandra\\\/#primaryimage\",\"url\":\"https:\\\/\\\/calmapsicologos.com\\\/wp-content\\\/uploads\\\/2025\\\/10\\\/Alexandra-benitez-2retoque.jpg\",\"contentUrl\":\"https:\\\/\\\/calmapsicologos.com\\\/wp-content\\\/uploads\\\/2025\\\/10\\\/Alexandra-benitez-2retoque.jpg\",\"width\":1728,\"height\":2048,\"caption\":\"Roc\u00edo Rueda Romero psic\u00f3loga sanitaria en Fuengirola\"},{\"@type\":\"BreadcrumbList\",\"@id\":\"https:\\\/\\\/calmapsicologos.com\\\/cita-con-alexandra\\\/#breadcrumb\",\"itemListElement\":[{\"@type\":\"ListItem\",\"position\":1,\"name\":\"Home\",\"item\":\"https:\\\/\\\/calmapsicologos.com\\\/es\\\/\"},{\"@type\":\"ListItem\",\"position\":2,\"name\":\"Cita con ALEXANDRA\"}]},{\"@type\":\"WebSite\",\"@id\":\"https:\\\/\\\/calmapsicologos.com\\\/#website\",\"url\":\"https:\\\/\\\/calmapsicologos.com\\\/\",\"name\":\"calmapsicologos.com\",\"description\":\"Centro sanitario de psicolog\u00eda en Fuengirola\",\"publisher\":{\"@id\":\"https:\\\/\\\/calmapsicologos.com\\\/#organization\"},\"potentialAction\":[{\"@type\":\"SearchAction\",\"target\":{\"@type\":\"EntryPoint\",\"urlTemplate\":\"https:\\\/\\\/calmapsicologos.com\\\/?s={search_term_string}\"},\"query-input\":{\"@type\":\"PropertyValueSpecification\",\"valueRequired\":true,\"valueName\":\"search_term_string\"}}],\"inLanguage\":\"en-GB\"},{\"@type\":\"Organization\",\"@id\":\"https:\\\/\\\/calmapsicologos.com\\\/#organization\",\"name\":\"Calma Psic\u00f3logos\",\"url\":\"https:\\\/\\\/calmapsicologos.com\\\/\",\"logo\":{\"@type\":\"ImageObject\",\"inLanguage\":\"en-GB\",\"@id\":\"https:\\\/\\\/calmapsicologos.com\\\/#\\\/schema\\\/logo\\\/image\\\/\",\"url\":\"https:\\\/\\\/calmapsicologos.com\\\/wp-content\\\/uploads\\\/2025\\\/05\\\/psicoologia-SAMARA-LOGOO-copia.jpg\",\"contentUrl\":\"https:\\\/\\\/calmapsicologos.com\\\/wp-content\\\/uploads\\\/2025\\\/05\\\/psicoologia-SAMARA-LOGOO-copia.jpg\",\"width\":2000,\"height\":2000,\"caption\":\"Calma Psic\u00f3logos\"},\"image\":{\"@id\":\"https:\\\/\\\/calmapsicologos.com\\\/#\\\/schema\\\/logo\\\/image\\\/\"},\"sameAs\":[\"https:\\\/\\\/www.facebook.com\\\/calmapsicologos\",\"https:\\\/\\\/x.com\\\/CalmaPsicologos\",\"https:\\\/\\\/www.tiktok.com\\\/@calmapsicologos\",\"https:\\\/\\\/www.instagram.com\\\/calmapsicologos\\\/\"]}]}<\/script>\n<!-- \/ Yoast SEO plugin. -->","yoast_head_json":{"title":"Appointment with ALEXANDRA - Schedule an appointment for consultation or therapy at CALMA Psic\u00f3logos","robots":{"index":"noindex","follow":"nofollow"},"og_locale":"en_GB","og_type":"article","og_title":"Cita con ALEXANDRA - Agenda una cita para consulta o terapia en CALMA Psic\u00f3logos","og_description":"En esta p\u00e1gina puedes agendar una cita, de forma aut\u00f3noma a trav\u00e9s de nuestro calendario interactivo, elige el d\u00eda y la hora que mejor te venga, con la disponibilidad los huecos de nuestra agenda en tiempo real. Puedes confiar plenamente en esta forma de PEDIR CITA autom\u00e1tica. As\u00fan as\u00ed: Si prefieres agendar una cita de [&hellip;]","og_url":"https:\/\/calmapsicologos.com\/en\/date-with-alexandra\/","og_site_name":"Agenda una cita para consulta o terapia en CALMA Psic\u00f3logos","article_publisher":"https:\/\/www.facebook.com\/calmapsicologos","article_modified_time":"2026-03-14T15:19:49+00:00","og_image":[{"width":1728,"height":2048,"url":"https:\/\/calmapsicologos.com\/wp-content\/uploads\/2025\/10\/Alexandra-benitez-2retoque.jpg","type":"image\/jpeg"}],"twitter_card":"summary_large_image","twitter_site":"@CalmaPsicologos","twitter_misc":{"Estimated reading time":"1 minute"},"schema":{"@context":"https:\/\/schema.org","@graph":[{"@type":"WebPage","@id":"https:\/\/calmapsicologos.com\/cita-con-alexandra\/","url":"https:\/\/calmapsicologos.com\/cita-con-alexandra\/","name":"Appointment with ALEXANDRA - Schedule an appointment for consultation or therapy at CALMA Psic\u00f3logos","isPartOf":{"@id":"https:\/\/calmapsicologos.com\/#website"},"primaryImageOfPage":{"@id":"https:\/\/calmapsicologos.com\/cita-con-alexandra\/#primaryimage"},"image":{"@id":"https:\/\/calmapsicologos.com\/cita-con-alexandra\/#primaryimage"},"thumbnailUrl":"https:\/\/calmapsicologos.com\/wp-content\/uploads\/2025\/10\/Alexandra-benitez-2retoque.jpg","datePublished":"2025-09-05T15:02:54+00:00","dateModified":"2026-03-14T15:19:49+00:00","breadcrumb":{"@id":"https:\/\/calmapsicologos.com\/cita-con-alexandra\/#breadcrumb"},"inLanguage":"en-GB","potentialAction":[{"@type":"ReadAction","target":["https:\/\/calmapsicologos.com\/cita-con-alexandra\/"]}]},{"@type":"ImageObject","inLanguage":"en-GB","@id":"https:\/\/calmapsicologos.com\/cita-con-alexandra\/#primaryimage","url":"https:\/\/calmapsicologos.com\/wp-content\/uploads\/2025\/10\/Alexandra-benitez-2retoque.jpg","contentUrl":"https:\/\/calmapsicologos.com\/wp-content\/uploads\/2025\/10\/Alexandra-benitez-2retoque.jpg","width":1728,"height":2048,"caption":"Roc\u00edo Rueda Romero psic\u00f3loga sanitaria en Fuengirola"},{"@type":"BreadcrumbList","@id":"https:\/\/calmapsicologos.com\/cita-con-alexandra\/#breadcrumb","itemListElement":[{"@type":"ListItem","position":1,"name":"Home","item":"https:\/\/calmapsicologos.com\/es\/"},{"@type":"ListItem","position":2,"name":"Cita con ALEXANDRA"}]},{"@type":"WebSite","@id":"https:\/\/calmapsicologos.com\/#website","url":"https:\/\/calmapsicologos.com\/","name":"calmapsicologos.com","description":"Psychology health centre in Fuengirola","publisher":{"@id":"https:\/\/calmapsicologos.com\/#organization"},"potentialAction":[{"@type":"SearchAction","target":{"@type":"EntryPoint","urlTemplate":"https:\/\/calmapsicologos.com\/?s={search_term_string}"},"query-input":{"@type":"PropertyValueSpecification","valueRequired":true,"valueName":"search_term_string"}}],"inLanguage":"en-GB"},{"@type":"Organization","@id":"https:\/\/calmapsicologos.com\/#organization","name":"Calma Psychologists","url":"https:\/\/calmapsicologos.com\/","logo":{"@type":"ImageObject","inLanguage":"en-GB","@id":"https:\/\/calmapsicologos.com\/#\/schema\/logo\/image\/","url":"https:\/\/calmapsicologos.com\/wp-content\/uploads\/2025\/05\/psicoologia-SAMARA-LOGOO-copia.jpg","contentUrl":"https:\/\/calmapsicologos.com\/wp-content\/uploads\/2025\/05\/psicoologia-SAMARA-LOGOO-copia.jpg","width":2000,"height":2000,"caption":"Calma Psic\u00f3logos"},"image":{"@id":"https:\/\/calmapsicologos.com\/#\/schema\/logo\/image\/"},"sameAs":["https:\/\/www.facebook.com\/calmapsicologos","https:\/\/x.com\/CalmaPsicologos","https:\/\/www.tiktok.com\/@calmapsicologos","https:\/\/www.instagram.com\/calmapsicologos\/"]}]}},"_links":{"self":[{"href":"https:\/\/calmapsicologos.com\/en\/wp-json\/wp\/v2\/pages\/1358","targetHints":{"allow":["GET"]}}],"collection":[{"href":"https:\/\/calmapsicologos.com\/en\/wp-json\/wp\/v2\/pages"}],"about":[{"href":"https:\/\/calmapsicologos.com\/en\/wp-json\/wp\/v2\/types\/page"}],"author":[{"embeddable":true,"href":"https:\/\/calmapsicologos.com\/en\/wp-json\/wp\/v2\/users\/1"}],"replies":[{"embeddable":true,"href":"https:\/\/calmapsicologos.com\/en\/wp-json\/wp\/v2\/comments?post=1358"}],"version-history":[{"count":4,"href":"https:\/\/calmapsicologos.com\/en\/wp-json\/wp\/v2\/pages\/1358\/revisions"}],"predecessor-version":[{"id":1510,"href":"https:\/\/calmapsicologos.com\/en\/wp-json\/wp\/v2\/pages\/1358\/revisions\/1510"}],"wp:featuredmedia":[{"embeddable":true,"href":"https:\/\/calmapsicologos.com\/en\/wp-json\/wp\/v2\/media\/1501"}],"wp:attachment":[{"href":"https:\/\/calmapsicologos.com\/en\/wp-json\/wp\/v2\/media?parent=1358"}],"curies":[{"name":"wp","href":"https:\/\/api.w.org\/{rel}","templated":true}]}}